{"id":71,"date":"2023-04-04T15:49:33","date_gmt":"2023-04-04T15:49:33","guid":{"rendered":"https:\/\/liceolosangeles.cl\/web\/?page_id=71"},"modified":"2023-04-06T08:45:57","modified_gmt":"2023-04-06T12:45:57","slug":"doncentes","status":"publish","type":"page","link":"https:\/\/liceolosangeles.cl\/web\/doncentes\/","title":{"rendered":"DOCENTES"},"content":{"rendered":"<table class=\" aligncenter\" width=\"438\">\n<tbody>\n<tr>\n<td width=\"167\">GUILLERMO PATRICIO<\/td>\n<td width=\"126\">ABURTO<\/td>\n<td width=\"145\">MORALES<\/td>\n<\/tr>\n<tr>\n<td>MARYAN ARLYN<\/td>\n<td>ACU\u00d1A<\/td>\n<td>PARRA<\/td>\n<\/tr>\n<tr>\n<td>SALVADOR ALEJANDRO<\/td>\n<td>ALARC\u00d3N<\/td>\n<td>GODOY<\/td>\n<\/tr>\n<tr>\n<td>NATALIA ANDREA<\/td>\n<td>ALARC\u00d3N<\/td>\n<td>MUSSIETT<\/td>\n<\/tr>\n<tr>\n<td>FERNANDO ANSELMO<\/td>\n<td>ALARC\u00d3N<\/td>\n<td>MOLINA<\/td>\n<\/tr>\n<tr>\n<td>DIEGO DAR\u00cdO IGNACIO<\/td>\n<td>ALVEAL<\/td>\n<td>NAVARRETE<\/td>\n<\/tr>\n<tr>\n<td>MARILYN ANG\u00c9LICA<\/td>\n<td>ARIAS<\/td>\n<td>RIVAS<\/td>\n<\/tr>\n<tr>\n<td>ESTEBAN ELIEZER<\/td>\n<td>AROS<\/td>\n<td>S\u00c1NCHEZ<\/td>\n<\/tr>\n<tr>\n<td>ROC\u00cdO SOLEDAD<\/td>\n<td>BAEZA<\/td>\n<td>CASTILLO<\/td>\n<\/tr>\n<tr>\n<td>HILDA EMILIA<\/td>\n<td>BELTR\u00c1N<\/td>\n<td>ROMERO<\/td>\n<\/tr>\n<tr>\n<td>VANIA ISADORA<\/td>\n<td>BEN\u00cdTEZ<\/td>\n<td>JARA<\/td>\n<\/tr>\n<tr>\n<td>JORGE IGNACIO<\/td>\n<td>BRIONES<\/td>\n<td>AGUAYO<\/td>\n<\/tr>\n<tr>\n<td>JORGE OMAR<\/td>\n<td>BRIONES<\/td>\n<td>GUZM\u00c1N<\/td>\n<\/tr>\n<tr>\n<td>MARGARITA SOLEDAD<\/td>\n<td>BURGOS<\/td>\n<td>CAMPOD\u00d3NICO<\/td>\n<\/tr>\n<tr>\n<td>PAULA JOANNA<\/td>\n<td>CARRE\u00d1O<\/td>\n<td>ARRIAGADA<\/td>\n<\/tr>\n<tr>\n<td>MANUEL ISIDORO<\/td>\n<td>CARRILLO<\/td>\n<td>QUEZADA<\/td>\n<\/tr>\n<tr>\n<td>VALERIA ANG\u00c9LICA<\/td>\n<td>CASTILLO<\/td>\n<td>SANHUEZA<\/td>\n<\/tr>\n<tr>\n<td>EVELYN PAMELA<\/td>\n<td>CHAVARRIGA<\/td>\n<td>MORALES<\/td>\n<\/tr>\n<tr>\n<td>JAVIERA ALEJANDRA<\/td>\n<td>CIFUENTES<\/td>\n<td>PINTO<\/td>\n<\/tr>\n<tr>\n<td>JONATHAN RAINIERO<\/td>\n<td>CONTRERAS<\/td>\n<td>RIVERA<\/td>\n<\/tr>\n<tr>\n<td>SERGIO ALFONSO<\/td>\n<td>C\u00d3RDOVA<\/td>\n<td>SOTO<\/td>\n<\/tr>\n<tr>\n<td>SANDRA ELIANA<\/td>\n<td>C\u00d3RDOVA<\/td>\n<td>MART\u00cdNEZ<\/td>\n<\/tr>\n<tr>\n<td>ESTER ALEJANDRA<\/td>\n<td>DELGADO<\/td>\n<td>GONZ\u00c1LEZ<\/td>\n<\/tr>\n<tr>\n<td>JAIME ALEJANDRO<\/td>\n<td>D\u00cdAZ<\/td>\n<td>D\u00cdAZ<\/td>\n<\/tr>\n<tr>\n<td>OSCAR GERARDO<\/td>\n<td>DINAMARCA<\/td>\n<td>GARRIDO<\/td>\n<\/tr>\n<tr>\n<td>ELLEN PATRICIA<\/td>\n<td>ECHAIZ<\/td>\n<td>SOTO<\/td>\n<\/tr>\n<tr>\n<td>ESTEBAN RICARDO<\/td>\n<td>ESPINOZA<\/td>\n<td>RAM\u00cdREZ<\/td>\n<\/tr>\n<tr>\n<td>HUMBERTO C\u00c9SAR<\/td>\n<td>FONCECA<\/td>\n<td>GALAZ<\/td>\n<\/tr>\n<tr>\n<td>DANIELA KAREN MAGDALENA<\/td>\n<td>FUENTES<\/td>\n<td>MU\u00d1OZ<\/td>\n<\/tr>\n<tr>\n<td>IV\u00d3N CAROLINA<\/td>\n<td>GALLEGOS<\/td>\n<td>ALVEAL<\/td>\n<\/tr>\n<tr>\n<td>MAURICIO JAVIER<\/td>\n<td>GALLEGOS<\/td>\n<td>PACHECO<\/td>\n<\/tr>\n<tr>\n<td>DANIELA PAOLA<\/td>\n<td>GARC\u00c9S<\/td>\n<td>PINTO<\/td>\n<\/tr>\n<tr>\n<td>VIVIAN NELLY<\/td>\n<td>GATICA<\/td>\n<td>RIQUELME<\/td>\n<\/tr>\n<tr>\n<td>IVETTE TAMARA VER\u00d3NICA<\/td>\n<td>G\u00d3MEZ<\/td>\n<td>RIQUELME<\/td>\n<\/tr>\n<tr>\n<td>ANDREA DEL CARMEN<\/td>\n<td>GONZ\u00c1LEZ<\/td>\n<td>SAN MART\u00cdN<\/td>\n<\/tr>\n<tr>\n<td>MAT\u00cdAS ESTEBAN<\/td>\n<td>GONZ\u00c1LEZ<\/td>\n<td>VELOSO<\/td>\n<\/tr>\n<tr>\n<td>KAREN GABRIELA<\/td>\n<td>GUTI\u00c9RREZ<\/td>\n<td>JARA<\/td>\n<\/tr>\n<tr>\n<td>GLADIS MATILDE<\/td>\n<td>GUTI\u00c9RREZ<\/td>\n<td>ROJAS<\/td>\n<\/tr>\n<tr>\n<td>BERNARDITA LOURDES<\/td>\n<td>HERMOSILLA<\/td>\n<td>CARRASCO<\/td>\n<\/tr>\n<tr>\n<td>V\u00cdCTOR FRANCISCO<\/td>\n<td>HERRERA<\/td>\n<td>GARRIDO<\/td>\n<\/tr>\n<tr>\n<td>CAROLINA PATRICIA<\/td>\n<td>ILLESCA<\/td>\n<td>PACHECO<\/td>\n<\/tr>\n<tr>\n<td>ALICIA DEL ROSARIO<\/td>\n<td>JIM\u00c9NEZ<\/td>\n<td>VALLEJOS<\/td>\n<\/tr>\n<tr>\n<td>KARINA SORAYA<\/td>\n<td>LAGOS<\/td>\n<td>MU\u00d1OZ<\/td>\n<\/tr>\n<tr>\n<td>LUIS ARSENIO<\/td>\n<td>LAV\u00cdN<\/td>\n<td>OJEDA<\/td>\n<\/tr>\n<tr>\n<td>EDUARDO RENATO<\/td>\n<td>LOYOLA<\/td>\n<td>ROBLES<\/td>\n<\/tr>\n<tr>\n<td>CLAUDIA ALEJANDRA<\/td>\n<td>MARCHANT<\/td>\n<td>CABEZAS<\/td>\n<\/tr>\n<tr>\n<td>QUINTIN NACIANCENO<\/td>\n<td>MARDONES<\/td>\n<td>GRAND\u00d3N<\/td>\n<\/tr>\n<tr>\n<td>KAREN EVELYN ALBERTINA<\/td>\n<td>MART\u00cdNEZ<\/td>\n<td>SALAZAR<\/td>\n<\/tr>\n<tr>\n<td>VALENTINA DENNYS<\/td>\n<td>MELGAREJO<\/td>\n<td>FLORES<\/td>\n<\/tr>\n<tr>\n<td>YOSSELIN ANDREA<\/td>\n<td>MELO<\/td>\n<td>ARANEDA<\/td>\n<\/tr>\n<tr>\n<td>PERLA IVONNE<\/td>\n<td>M\u00c9NDEZ<\/td>\n<td>BERAUD<\/td>\n<\/tr>\n<tr>\n<td>MAR\u00cdA JOS\u00c9<\/td>\n<td>MENDOZA<\/td>\n<td>MENDOZA<\/td>\n<\/tr>\n<tr>\n<td>JERMAN SEGUNDO<\/td>\n<td>MILLAQU\u00c9N<\/td>\n<td>VARGAS<\/td>\n<\/tr>\n<tr>\n<td>JESSICA ALEJANDRA<\/td>\n<td>MIRANDA<\/td>\n<td>PEDREROS<\/td>\n<\/tr>\n<tr>\n<td>CARLA TAMARA<\/td>\n<td>NAVARRETE<\/td>\n<td>GRAND\u00d3N<\/td>\n<\/tr>\n<tr>\n<td>H\u00c9CTOR REINALDO<\/td>\n<td>N\u00da\u00d1EZ<\/td>\n<td>MORALES<\/td>\n<\/tr>\n<tr>\n<td>CLAUDIA ANG\u00c9LICA<\/td>\n<td>OLATE<\/td>\n<td>PROVOSTE<\/td>\n<\/tr>\n<tr>\n<td>CHRISTIAN PATRICIO<\/td>\n<td>P\u00c9REZ<\/td>\n<td>LE\u00d3N<\/td>\n<\/tr>\n<tr>\n<td>LORETO ANALIA<\/td>\n<td>P\u00c9REZ<\/td>\n<td>BARRERA<\/td>\n<\/tr>\n<tr>\n<td>AGLAIA ELISA EMA<\/td>\n<td>POPA<\/td>\n<td>CEPEDA<\/td>\n<\/tr>\n<tr>\n<td>ANDREA DEL PILAR<\/td>\n<td>R\u00cdOS<\/td>\n<td>REYES<\/td>\n<\/tr>\n<tr>\n<td>PATRICIO GONZALO<\/td>\n<td>ROJAS<\/td>\n<td>CUEVAS<\/td>\n<\/tr>\n<tr>\n<td>IV\u00c1N ANDR\u00c9S<\/td>\n<td>RUIZ<\/td>\n<td>GONZ\u00c1LEZ<\/td>\n<\/tr>\n<tr>\n<td>MAR\u00cdA IN\u00c9S<\/td>\n<td>SAAVEDRA<\/td>\n<td>PINTO<\/td>\n<\/tr>\n<tr>\n<td>KATERIN ROSANA<\/td>\n<td>SAN MART\u00cdN<\/td>\n<td>AVELLO<\/td>\n<\/tr>\n<tr>\n<td>KATHERINE JORDANA BEL\u00c9N<\/td>\n<td>SANDOVAL<\/td>\n<td>RIFO<\/td>\n<\/tr>\n<tr>\n<td>ANA GABRIELA<\/td>\n<td>SANHUEZA<\/td>\n<td>ALTAMIRANO<\/td>\n<\/tr>\n<tr>\n<td>ROSELBETH OSVALDO<\/td>\n<td>SANHUEZA<\/td>\n<td>FARF\u00c1N<\/td>\n<\/tr>\n<tr>\n<td>SUSSY POLETTE<\/td>\n<td>SANTIS<\/td>\n<td>DE LA HUERTA<\/td>\n<\/tr>\n<tr>\n<td>KATHERYN SOLANGE<\/td>\n<td>SANZANA<\/td>\n<td>CARTES<\/td>\n<\/tr>\n<tr>\n<td>DIEGO HORACIO<\/td>\n<td>SEP\u00daLVEDA<\/td>\n<td>CONTRERAS<\/td>\n<\/tr>\n<tr>\n<td>MANUEL JES\u00daS<\/td>\n<td>TIZNADO<\/td>\n<td>ARAYA<\/td>\n<\/tr>\n<tr>\n<td>MAT\u00cdAS GONZALO<\/td>\n<td>VALDEBENITO<\/td>\n<td>QUEZADA<\/td>\n<\/tr>\n<tr>\n<td>FRANCISCA ALEJANDRA<\/td>\n<td>VENTHUR<\/td>\n<td>FERN\u00c1NDEZ<\/td>\n<\/tr>\n<tr>\n<td>MAR\u00cdA JOS\u00c9<\/td>\n<td>VERGARA<\/td>\n<td>PINTO<\/td>\n<\/tr>\n<tr>\n<td>FELIPE CARLOS<\/td>\n<td>VILLALOBOS<\/td>\n<td>FLORES<\/td>\n<\/tr>\n<tr>\n<td>DANIELA CAROLINA<\/td>\n<td>VILLARROEL<\/td>\n<td>GORMAZ<\/td>\n<\/tr>\n<tr>\n<td>KATHERINE LOURDES<\/td>\n<td>WENTEN<\/td>\n<td>GONZ\u00c1LEZ<\/td>\n<\/tr>\n<tr>\n<td>MARCELA SCARLEY<\/td>\n<td>ZENTENO<\/td>\n<td>ILLANES<\/td>\n<\/tr>\n<\/tbody>\n<\/table>\n","protected":false},"excerpt":{"rendered":"<p>GUILLERMO PATRICIO ABURTO MORALES MARYAN ARLYN ACU\u00d1A PARRA SALVADOR ALEJANDRO ALARC\u00d3N GODOY NATALIA ANDREA ALARC\u00d3N MUSSIETT FERNANDO ANSELMO ALARC\u00d3N MOLINA DIEGO DAR\u00cdO IGNACIO ALVEAL NAVARRETE MARILYN ANG\u00c9LICA ARIAS RIVAS ESTEBAN ELIEZER AROS S\u00c1NCHEZ ROC\u00cdO SOLEDAD BAEZA CASTILLO HILDA EMILIA BELTR\u00c1N ROMERO VANIA ISADORA BEN\u00cdTEZ JARA JORGE IGNACIO BRIONES AGUAYO JORGE OMAR BRIONES GUZM\u00c1N MARGARITA SOLEDAD [&hellip;]<\/p>\n","protected":false},"author":1,"featured_media":0,"parent":0,"menu_order":0,"comment_status":"closed","ping_status":"closed","template":"","meta":{"ngg_post_thumbnail":0,"footnotes":""},"class_list":["post-71","page","type-page","status-publish","hentry"],"rttpg_featured_image_url":null,"rttpg_author":{"display_name":"admin","author_link":"https:\/\/liceolosangeles.cl\/web\/author\/admin\/"},"rttpg_comment":0,"rttpg_category":null,"rttpg_excerpt":"GUILLERMO PATRICIO ABURTO MORALES MARYAN ARLYN ACU\u00d1A PARRA SALVADOR ALEJANDRO ALARC\u00d3N GODOY NATALIA ANDREA ALARC\u00d3N MUSSIETT FERNANDO ANSELMO ALARC\u00d3N MOLINA DIEGO DAR\u00cdO IGNACIO ALVEAL NAVARRETE MARILYN ANG\u00c9LICA ARIAS RIVAS ESTEBAN ELIEZER AROS S\u00c1NCHEZ ROC\u00cdO SOLEDAD BAEZA CASTILLO HILDA EMILIA BELTR\u00c1N ROMERO VANIA ISADORA BEN\u00cdTEZ JARA JORGE IGNACIO BRIONES AGUAYO JORGE OMAR BRIONES GUZM\u00c1N MARGARITA SOLEDAD&hellip;","_links":{"self":[{"href":"https:\/\/liceolosangeles.cl\/web\/wp-json\/wp\/v2\/pages\/71","targetHints":{"allow":["GET"]}}],"collection":[{"href":"https:\/\/liceolosangeles.cl\/web\/wp-json\/wp\/v2\/pages"}],"about":[{"href":"https:\/\/liceolosangeles.cl\/web\/wp-json\/wp\/v2\/types\/page"}],"author":[{"embeddable":true,"href":"https:\/\/liceolosangeles.cl\/web\/wp-json\/wp\/v2\/users\/1"}],"replies":[{"embeddable":true,"href":"https:\/\/liceolosangeles.cl\/web\/wp-json\/wp\/v2\/comments?post=71"}],"version-history":[{"count":4,"href":"https:\/\/liceolosangeles.cl\/web\/wp-json\/wp\/v2\/pages\/71\/revisions"}],"predecessor-version":[{"id":1282,"href":"https:\/\/liceolosangeles.cl\/web\/wp-json\/wp\/v2\/pages\/71\/revisions\/1282"}],"wp:attachment":[{"href":"https:\/\/liceolosangeles.cl\/web\/wp-json\/wp\/v2\/media?parent=71"}],"curies":[{"name":"wp","href":"https:\/\/api.w.org\/{rel}","templated":true}]}}