{"id":66,"date":"2023-04-04T15:48:58","date_gmt":"2023-04-04T15:48:58","guid":{"rendered":"https:\/\/liceolosangeles.cl\/web\/?page_id=66"},"modified":"2024-05-06T09:20:08","modified_gmt":"2024-05-06T13:20:08","slug":"docentes","status":"publish","type":"page","link":"https:\/\/liceolosangeles.cl\/web\/docentes\/","title":{"rendered":"CENTRO DE ALUMNOS"},"content":{"rendered":"<ul style=\"list-style-type: circle;\">\n<li>CONCHA CASTRO CRIST\u00d3BAL EDUARDO NICOL\u00c1S:&nbsp; PRESIDENTE<\/li>\n<li>BASCUR JARA IGNACIO ARMANDO: VICE PRESIDENTE<\/li>\n<li>GONZ\u00c1LEZ P\u00c9REZ ESTHEFANI BEL\u00c9N:&nbsp; SECRETARIA<\/li>\n<li>BURGOS BURGOS JULIETA ANAHIS:&nbsp; FINANZAS<\/li>\n<li>VICENTT VIDAL KATHERINE CATALINA:&nbsp; ACTAS<\/li>\n<li>CARRASCO BRITO NAYARETH ANASTASIA:&nbsp; DELEGADA DE CULTURA&nbsp;&nbsp;&nbsp;&nbsp;&nbsp;&nbsp;&nbsp;&nbsp;&nbsp;<\/li>\n<li>SALGADO CONTRERAS MADELEINE MAR\u00cdA ANAISS:&nbsp; DELEGADA DE DEPORTES<\/li>\n<li>P\u00c9REZ CUR\u00cdN ROC\u00cdO IVONNE:&nbsp; DIRECTORIO<\/li>\n<li>S\u00c1EZ JORQUERA NOEM\u00cd DANAE: DIRECTORIO<\/li>\n<\/ul>\n","protected":false},"excerpt":{"rendered":"<p>CONCHA CASTRO CRIST\u00d3BAL EDUARDO NICOL\u00c1S:&nbsp; PRESIDENTE BASCUR JARA IGNACIO ARMANDO: VICE PRESIDENTE GONZ\u00c1LEZ P\u00c9REZ ESTHEFANI BEL\u00c9N:&nbsp; SECRETARIA BURGOS BURGOS JULIETA ANAHIS:&nbsp; FINANZAS VICENTT VIDAL KATHERINE CATALINA:&nbsp; ACTAS CARRASCO BRITO NAYARETH ANASTASIA:&nbsp; DELEGADA DE CULTURA&nbsp;&nbsp;&nbsp;&nbsp;&nbsp;&nbsp;&nbsp;&nbsp;&nbsp; SALGADO CONTRERAS MADELEINE MAR\u00cdA ANAISS:&nbsp; DELEGADA DE DEPORTES P\u00c9REZ CUR\u00cdN ROC\u00cdO IVONNE:&nbsp; DIRECTORIO S\u00c1EZ JORQUERA NOEM\u00cd DANAE: DIRECTORIO<\/p>\n","protected":false},"author":1,"featured_media":0,"parent":0,"menu_order":0,"comment_status":"closed","ping_status":"closed","template":"","meta":{"ngg_post_thumbnail":0,"footnotes":""},"class_list":["post-66","page","type-page","status-publish","hentry"],"rttpg_featured_image_url":null,"rttpg_author":{"display_name":"admin","author_link":"https:\/\/liceolosangeles.cl\/web\/author\/admin\/"},"rttpg_comment":0,"rttpg_category":null,"rttpg_excerpt":"CONCHA CASTRO CRIST\u00d3BAL EDUARDO NICOL\u00c1S:&nbsp; PRESIDENTE BASCUR JARA IGNACIO ARMANDO: VICE PRESIDENTE GONZ\u00c1LEZ P\u00c9REZ ESTHEFANI BEL\u00c9N:&nbsp; SECRETARIA BURGOS BURGOS JULIETA ANAHIS:&nbsp; FINANZAS VICENTT VIDAL KATHERINE CATALINA:&nbsp; ACTAS CARRASCO BRITO NAYARETH ANASTASIA:&nbsp; DELEGADA DE CULTURA&nbsp;&nbsp;&nbsp;&nbsp;&nbsp;&nbsp;&nbsp;&nbsp;&nbsp; SALGADO CONTRERAS MADELEINE MAR\u00cdA ANAISS:&nbsp; DELEGADA DE DEPORTES P\u00c9REZ CUR\u00cdN ROC\u00cdO IVONNE:&nbsp; DIRECTORIO S\u00c1EZ JORQUERA NOEM\u00cd DANAE: DIRECTORIO","_links":{"self":[{"href":"https:\/\/liceolosangeles.cl\/web\/wp-json\/wp\/v2\/pages\/66","targetHints":{"allow":["GET"]}}],"collection":[{"href":"https:\/\/liceolosangeles.cl\/web\/wp-json\/wp\/v2\/pages"}],"about":[{"href":"https:\/\/liceolosangeles.cl\/web\/wp-json\/wp\/v2\/types\/page"}],"author":[{"embeddable":true,"href":"https:\/\/liceolosangeles.cl\/web\/wp-json\/wp\/v2\/users\/1"}],"replies":[{"embeddable":true,"href":"https:\/\/liceolosangeles.cl\/web\/wp-json\/wp\/v2\/comments?post=66"}],"version-history":[{"count":5,"href":"https:\/\/liceolosangeles.cl\/web\/wp-json\/wp\/v2\/pages\/66\/revisions"}],"predecessor-version":[{"id":2667,"href":"https:\/\/liceolosangeles.cl\/web\/wp-json\/wp\/v2\/pages\/66\/revisions\/2667"}],"wp:attachment":[{"href":"https:\/\/liceolosangeles.cl\/web\/wp-json\/wp\/v2\/media?parent=66"}],"curies":[{"name":"wp","href":"https:\/\/api.w.org\/{rel}","templated":true}]}}