{"id":60,"date":"2023-04-04T15:48:18","date_gmt":"2023-04-04T15:48:18","guid":{"rendered":"https:\/\/liceolosangeles.cl\/web\/?page_id=60"},"modified":"2023-04-06T10:08:33","modified_gmt":"2023-04-06T14:08:33","slug":"docentes-directivos","status":"publish","type":"page","link":"https:\/\/liceolosangeles.cl\/web\/docentes-directivos\/","title":{"rendered":"DOCENTES DIRECTIVOS"},"content":{"rendered":"<table class=\" aligncenter\" width=\"518\">\n<tbody>\n<tr>\n<td width=\"184\">DIRECTOR<\/td>\n<td width=\"153\">GUIDO ISRAEL<\/td>\n<td width=\"101\">PACHECO<\/td>\n<td width=\"80\">D\u00cdAZ<\/td>\n<\/tr>\n<tr>\n<td>JEFE UTP<\/td>\n<td>KATHERINE DEL PILAR<\/td>\n<td>VALD\u00c9S<\/td>\n<td>RODR\u00cdGUEZ<\/td>\n<\/tr>\n<tr>\n<td>JEFE UTP<\/td>\n<td>ANA KARINA<\/td>\n<td>WOLF<\/td>\n<td>HERN\u00c1NDEZ<\/td>\n<\/tr>\n<tr>\n<td>ENCARGADO CONVIVENCIA<\/td>\n<td>EDUARDO KARIM<\/td>\n<td>GIACAMAN<\/td>\n<td>ESPINOZA<\/td>\n<\/tr>\n<tr>\n<td>INSPECTOR GENERAL<\/td>\n<td>ANDREA ALEJANDRA<\/td>\n<td>RIQUELME<\/td>\n<td>OSSES<\/td>\n<\/tr>\n<tr>\n<td>INSPECTOR GENERAL<\/td>\n<td>CLAUDIA ANDREA<\/td>\n<td>ORELLANA<\/td>\n<td>GONZ\u00c1LEZ<\/td>\n<\/tr>\n<tr>\n<td>INSPECTOR GENERAL<\/td>\n<td>MAURICIO ALEJANDRO<\/td>\n<td>P\u00c9REZ<\/td>\n<td>P\u00c9REZ<\/td>\n<\/tr>\n<tr>\n<td>INSPECTOR GENERAL<\/td>\n<td>MERY JACQUELINNE<\/td>\n<td>ALTAMIRANO<\/td>\n<td>PEZOA<\/td>\n<\/tr>\n<\/tbody>\n<\/table>\n","protected":false},"excerpt":{"rendered":"<p>DIRECTOR GUIDO ISRAEL PACHECO D\u00cdAZ JEFE UTP KATHERINE DEL PILAR VALD\u00c9S RODR\u00cdGUEZ JEFE UTP ANA KARINA WOLF HERN\u00c1NDEZ ENCARGADO CONVIVENCIA EDUARDO KARIM GIACAMAN ESPINOZA INSPECTOR GENERAL ANDREA ALEJANDRA RIQUELME OSSES INSPECTOR GENERAL CLAUDIA ANDREA ORELLANA GONZ\u00c1LEZ INSPECTOR GENERAL MAURICIO ALEJANDRO P\u00c9REZ P\u00c9REZ INSPECTOR GENERAL MERY JACQUELINNE ALTAMIRANO PEZOA<\/p>\n","protected":false},"author":1,"featured_media":0,"parent":0,"menu_order":0,"comment_status":"closed","ping_status":"closed","template":"","meta":{"ngg_post_thumbnail":0,"footnotes":""},"class_list":["post-60","page","type-page","status-publish","hentry"],"rttpg_featured_image_url":null,"rttpg_author":{"display_name":"admin","author_link":"https:\/\/liceolosangeles.cl\/web\/author\/admin\/"},"rttpg_comment":0,"rttpg_category":null,"rttpg_excerpt":"DIRECTOR GUIDO ISRAEL PACHECO D\u00cdAZ JEFE UTP KATHERINE DEL PILAR VALD\u00c9S RODR\u00cdGUEZ JEFE UTP ANA KARINA WOLF HERN\u00c1NDEZ ENCARGADO CONVIVENCIA EDUARDO KARIM GIACAMAN ESPINOZA INSPECTOR GENERAL ANDREA ALEJANDRA RIQUELME OSSES INSPECTOR GENERAL CLAUDIA ANDREA ORELLANA GONZ\u00c1LEZ INSPECTOR GENERAL MAURICIO ALEJANDRO P\u00c9REZ P\u00c9REZ INSPECTOR GENERAL MERY JACQUELINNE ALTAMIRANO PEZOA","_links":{"self":[{"href":"https:\/\/liceolosangeles.cl\/web\/wp-json\/wp\/v2\/pages\/60","targetHints":{"allow":["GET"]}}],"collection":[{"href":"https:\/\/liceolosangeles.cl\/web\/wp-json\/wp\/v2\/pages"}],"about":[{"href":"https:\/\/liceolosangeles.cl\/web\/wp-json\/wp\/v2\/types\/page"}],"author":[{"embeddable":true,"href":"https:\/\/liceolosangeles.cl\/web\/wp-json\/wp\/v2\/users\/1"}],"replies":[{"embeddable":true,"href":"https:\/\/liceolosangeles.cl\/web\/wp-json\/wp\/v2\/comments?post=60"}],"version-history":[{"count":4,"href":"https:\/\/liceolosangeles.cl\/web\/wp-json\/wp\/v2\/pages\/60\/revisions"}],"predecessor-version":[{"id":1313,"href":"https:\/\/liceolosangeles.cl\/web\/wp-json\/wp\/v2\/pages\/60\/revisions\/1313"}],"wp:attachment":[{"href":"https:\/\/liceolosangeles.cl\/web\/wp-json\/wp\/v2\/media?parent=60"}],"curies":[{"name":"wp","href":"https:\/\/api.w.org\/{rel}","templated":true}]}}