{"id":1224,"date":"2023-04-05T20:03:21","date_gmt":"2023-04-05T20:03:21","guid":{"rendered":"https:\/\/liceolosangeles.cl\/web\/?page_id=1224"},"modified":"2023-04-11T16:56:30","modified_gmt":"2023-04-11T20:56:30","slug":"historia","status":"publish","type":"page","link":"https:\/\/liceolosangeles.cl\/web\/historia\/","title":{"rendered":"HISTORIA"},"content":{"rendered":"<p style=\"text-align: justify;\"><img loading=\"lazy\" decoding=\"async\" class=\"size-medium wp-image-1232 alignleft\" src=\"https:\/\/liceolosangeles.cl\/web\/wp-content\/uploads\/2023\/04\/internado-768x397-1-300x155.jpg\" alt=\"\" width=\"300\" height=\"155\" srcset=\"https:\/\/liceolosangeles.cl\/web\/wp-content\/uploads\/2023\/04\/internado-768x397-1-300x155.jpg 300w, https:\/\/liceolosangeles.cl\/web\/wp-content\/uploads\/2023\/04\/internado-768x397-1.jpg 768w\" sizes=\"auto, (max-width: 300px) 100vw, 300px\" \/>El Liceo Bicentenario de Los \u00c1ngeles, se encuentra ubicado en un barrio c\u00edvico de la comuna de Los \u00c1ngeles, cuyo entorno se caracteriza por la cercan\u00eda con redes sociales y culturales tales como: Hospital Base, Universidad de Concepci\u00f3n, Liceo Comercial y Escuela Jos\u00e9 Manso de Velasco, rodeado de \u00e1reas verdes y barrios residenciales.<\/p>\n<p style=\"text-align: justify;\">El establecimiento por su alta conectividad con el resto de la ciudad, tiene un f\u00e1cil acceso con los medios de comunicaci\u00f3n y transporte. Las caracter\u00edsticas culturales y sociales del entorno favorecen el desarrollo del Proyecto Educativo Institucional<\/p>\n<p style=\"text-align: justify;\">La cercan\u00eda del Liceo con Instituciones sociales y culturales como: Universidades, iglesias, centros deportivos y culturales, centros de salud etc., nos permite fortalecer la formaci\u00f3n val\u00f3rica y social de nuestros alumnos y alumnas. La relaci\u00f3n permanente con las Instituciones refuerza la Misi\u00f3n de la Unidad Educativa y el perfil de los alumnos y alumnas, constituyendo un elemento motivador y anticipador del futuro profesional de los estudiantes.<\/p>\n<p style=\"text-align: justify;\">HISTORIA<\/p>\n<p style=\"text-align: justify;\">El Liceo Los \u00c1ngeles A-59, hoy Bicentenario, fue fundado en el a\u00f1o 1869 para dar respuesta a las necesidades educativas de los j\u00f3venes de la emergente ciudad de Los \u00c1ngeles y de otros sectores aleda\u00f1os.<\/p>\n<p style=\"text-align: justify;\">Y aunque tuvo varios emplazamientos el m\u00e1s emblem\u00e1tico y recordado corresponde a su funcionamiento en dependencias del edificio construido en 1923 en el costado norte de la Plaza de Armas de la ciudad, donde tambi\u00e9n se habilit\u00f3 el Internado del Liceo de Hombres -como se llam\u00f3 durante un largo per\u00edodo- para albergar a los j\u00f3venes que proven\u00edan de ciudades y pueblos de toda la provincia de B\u00edo B\u00edo.<\/p>\n<p style=\"text-align: justify;\">En el a\u00f1o 1967 el Liceo de Hombres se traslad\u00f3 a las dependencias que actualmente ocupa (Avenida Ricardo Vicu\u00f1a 0320), manteniendo en el antiguo edificio al Internado.<\/p>\n<p style=\"text-align: justify;\">A nivel provincial y regional este liceo ha mantenido un hist\u00f3rico liderazgo educativo cimentado en el proyecto educativo institucional que lo respalda: por a\u00f1os ha sido la alternativa de educaci\u00f3n para las familias modestas y de \u00abclase media\u00bb que no han renunciado a creer en la educaci\u00f3n p\u00fablica; si bien en la \u00faltima d\u00e9cada ha introducido procesos de selecci\u00f3n de alumnos (dada la alta demanda de matr\u00edcula), a lo largo de su historia ha dado cabida en sus aulas a j\u00f3venes que provienen de toda la provincia del B\u00edo B\u00edo; ha mantenido una visi\u00f3n laica de la educaci\u00f3n, con \u00e9nfasis en la formaci\u00f3n integral de los alumnos a trav\u00e9s de una clara formaci\u00f3n humanista y cient\u00edfica; y ha privilegiado en su formaci\u00f3n acad\u00e9mica la preparaci\u00f3n de los alumnos para la continuidad de sus estudios en universidades o institutos profesionales.<\/p>\n<p style=\"text-align: justify;\">Despu\u00e9s de ser un proyecto educativo pensado en la formaci\u00f3n de varones, en las \u00faltimas d\u00e9cadas transform\u00f3 su proyecto educativo en una modalidad mixta.<\/p>\n<p style=\"text-align: justify;\">La preocupaci\u00f3n de la comunidad escolar, ha significado una mejora significativa en los resultados de aprendizaje de los alumnos que estudian en \u00e9l; de hecho, considerando los resultados de la PSU, en los \u00faltimos tres a\u00f1os se ha ubicado dentro de los 50 liceos municipales de Chile que alcanzan mejores puntajes promedios en esta medici\u00f3n nacional.<\/p>\n<p style=\"text-align: justify;\">Una de estas mejor\u00edas \u2013que han impactado en los resultados de aprendizaje- proviene del Proyecto de Normalizaci\u00f3n (2006) de este centenario liceo provincial, lo que en la pr\u00e1ctica signific\u00f3 la dotaci\u00f3n de modernos laboratorios de inform\u00e1tica, auditorio, laboratorio de Ciencias e Idioma y Biblioteca, entre otras mejoras estructurales.<\/p>\n<p style=\"text-align: justify;\">En el a\u00f1o 2011, luego de haberse denominado por muchos a\u00f1os como \u00abLiceo de Hombres A-59\u00bb y \u00abLiceo Senador Enrique Oyarzun A-59\u00bb, pas\u00f3 a llamarse definitivamente \u00abLiceo Bicentenario Los \u00c1ngeles.<\/p>\n<p style=\"text-align: justify;\">En este emblem\u00e1tico liceo han cursado sus estudios secundarios personajes como: Miguel Arteche (Premio Nacional de Literatura, 1996), Alfonso Calder\u00f3n (Premio Nacional de Literatura, 1998), Roberto Bola\u00f1o (destacado escritor nacional), Jaime Quezada (destacado poeta y ensayista), Bernardo Leyton (Vicepresidente de la Rep\u00fablica), Octavio Jara Wolf (Diputado), Tulio Hermosilla (General de Ej\u00e9rcito), Gabriel Orme\u00f1o (General de Carabineros), entre otros.<\/p>\n<p style=\"text-align: justify;\">Actualmente el Liceo Bicentenario de Los \u00c1ngeles posee una matr\u00edcula de 1.570 alumnos, atendidos en Jornada Escolar Completa. Su alumnado conforma 37 cursos, divididos en 10 cursos de Ense\u00f1anza B\u00e1sica y 27 de Ense\u00f1anza Media.<\/p>\n","protected":false},"excerpt":{"rendered":"<p>El Liceo Bicentenario de Los \u00c1ngeles, se encuentra ubicado en un barrio c\u00edvico de la comuna de Los \u00c1ngeles, cuyo entorno se caracteriza por la cercan\u00eda con redes sociales y culturales tales como: Hospital Base, Universidad de Concepci\u00f3n, Liceo Comercial y Escuela Jos\u00e9 Manso de Velasco, rodeado de \u00e1reas verdes y barrios residenciales. El establecimiento [&hellip;]<\/p>\n","protected":false},"author":1,"featured_media":1232,"parent":0,"menu_order":0,"comment_status":"closed","ping_status":"closed","template":"","meta":{"ngg_post_thumbnail":0,"footnotes":""},"class_list":["post-1224","page","type-page","status-publish","has-post-thumbnail","hentry"],"rttpg_featured_image_url":{"full":["https:\/\/liceolosangeles.cl\/web\/wp-content\/uploads\/2023\/04\/internado-768x397-1.jpg",768,397,false],"landscape":["https:\/\/liceolosangeles.cl\/web\/wp-content\/uploads\/2023\/04\/internado-768x397-1.jpg",768,397,false],"portraits":["https:\/\/liceolosangeles.cl\/web\/wp-content\/uploads\/2023\/04\/internado-768x397-1.jpg",768,397,false],"thumbnail":["https:\/\/liceolosangeles.cl\/web\/wp-content\/uploads\/2023\/04\/internado-768x397-1-150x150.jpg",150,150,true],"medium":["https:\/\/liceolosangeles.cl\/web\/wp-content\/uploads\/2023\/04\/internado-768x397-1-300x155.jpg",300,155,true],"large":["https:\/\/liceolosangeles.cl\/web\/wp-content\/uploads\/2023\/04\/internado-768x397-1.jpg",640,331,false],"1536x1536":["https:\/\/liceolosangeles.cl\/web\/wp-content\/uploads\/2023\/04\/internado-768x397-1.jpg",768,397,false],"2048x2048":["https:\/\/liceolosangeles.cl\/web\/wp-content\/uploads\/2023\/04\/internado-768x397-1.jpg",768,397,false],"psacp-medium":["https:\/\/liceolosangeles.cl\/web\/wp-content\/uploads\/2023\/04\/internado-768x397-1.jpg",500,258,false]},"rttpg_author":{"display_name":"admin","author_link":"https:\/\/liceolosangeles.cl\/web\/author\/admin\/"},"rttpg_comment":0,"rttpg_category":null,"rttpg_excerpt":"El Liceo Bicentenario de Los \u00c1ngeles, se encuentra ubicado en un barrio c\u00edvico de la comuna de Los \u00c1ngeles, cuyo entorno se caracteriza por la cercan\u00eda con redes sociales y culturales tales como: Hospital Base, Universidad de Concepci\u00f3n, Liceo Comercial y Escuela Jos\u00e9 Manso de Velasco, rodeado de \u00e1reas verdes y barrios residenciales. El establecimiento&hellip;","_links":{"self":[{"href":"https:\/\/liceolosangeles.cl\/web\/wp-json\/wp\/v2\/pages\/1224","targetHints":{"allow":["GET"]}}],"collection":[{"href":"https:\/\/liceolosangeles.cl\/web\/wp-json\/wp\/v2\/pages"}],"about":[{"href":"https:\/\/liceolosangeles.cl\/web\/wp-json\/wp\/v2\/types\/page"}],"author":[{"embeddable":true,"href":"https:\/\/liceolosangeles.cl\/web\/wp-json\/wp\/v2\/users\/1"}],"replies":[{"embeddable":true,"href":"https:\/\/liceolosangeles.cl\/web\/wp-json\/wp\/v2\/comments?post=1224"}],"version-history":[{"count":4,"href":"https:\/\/liceolosangeles.cl\/web\/wp-json\/wp\/v2\/pages\/1224\/revisions"}],"predecessor-version":[{"id":1370,"href":"https:\/\/liceolosangeles.cl\/web\/wp-json\/wp\/v2\/pages\/1224\/revisions\/1370"}],"wp:featuredmedia":[{"embeddable":true,"href":"https:\/\/liceolosangeles.cl\/web\/wp-json\/wp\/v2\/media\/1232"}],"wp:attachment":[{"href":"https:\/\/liceolosangeles.cl\/web\/wp-json\/wp\/v2\/media?parent=1224"}],"curies":[{"name":"wp","href":"https:\/\/api.w.org\/{rel}","templated":true}]}}